{"id":838,"date":"2019-01-02T17:14:21","date_gmt":"2019-01-02T17:14:21","guid":{"rendered":"https:\/\/venor.lucianionut.com\/?page_id=838"},"modified":"2020-04-20T09:55:08","modified_gmt":"2020-04-20T09:55:08","slug":"our-cases","status":"publish","type":"page","link":"https:\/\/www.gmh.solutions\/fr\/our-cases\/","title":{"rendered":"\u00c9TUDES DE CAS"},"content":{"rendered":"<div data-vc-full-width=\"true\" data-vc-full-width-init=\"false\" class=\"vc_row wpb_row vc_row-fluid vc_custom_1549807780639\"><div class=\"wpb_column vc_column_container vc_col-sm-12\"><div class=\"vc_column-inner\"><div class=\"wpb_wrapper\"><div class=\"iconfilter-shortcode portfolio-posts-list portfolio-posts-list2\"><div class=\"row\"><div class=\"cd-main-content\"><div class=\"cd-tab-filter-wrapper\"><div class=\"cd-tab-filter\"><ul class=\"cd-filters\"><li class=\"placeholder\"><a data-type=\"all\">All<\/a><\/li><li class=\"filter\"><a class=\"selected\" data-type=\"all\">All <span>7<\/span><\/a><\/li><li class=\"filter\" data-filter=\".egovernment\">\n                            <a data-type=\"egovernment\">eGovernment <span>0<\/span><\/a><\/li><li class=\"filter\" data-filter=\".etransformation\">\n                            <a data-type=\"etransformation\">eTransformation <span>0<\/span><\/a><\/li><li class=\"filter\" data-filter=\".visualization\">\n                            <a data-type=\"visualization\">Visualization <span>0<\/span><\/a><\/li><li class=\"filter\" data-filter=\".data-analysis\">\n                            <a data-type=\"data-analysis\">L'analyse des donn\u00e9es <span>0<\/span><\/a><\/li><li class=\"filter\" data-filter=\".it-business-analysis\">\n                            <a data-type=\"it-business-analysis\">Business Analysis <span>0<\/span><\/a><\/li><li class=\"filter\" data-filter=\".web-services\">\n                            <a data-type=\"web-services\">Services Web <span>0<\/span><\/a><\/li><\/ul><\/div><\/div><section class=\"cd-gallery\"><ul><li class=\"mix  Strategic Assessment\">\n                <div data-wow-delay=\"0s\" class=\"col-md-12 post\">\n                  <article class=\"list-view\">\n                    <div class=\"portfolio_custom\">\n\n                      <!-- POST THUMBNAIL -->\n                      <div class=\"post-thumbnail\">\n                          <div class=\"box-project\">  \n                            <div class=\"relative\"><\/div>\n                            <div class=\"project_cat_title_overlay\" style=\"background-color: #1c6ab4\">\n                              <div class=\"project_cat_title_overlay_items\">   \n                                <h3 class=\"project_title\">\n                                  <a href=\"#\" title=\"Strategic Assessment\">Strategic Assessment<\/a>\n                                <\/h3>             \n                                <h5 class=\"project_cat\">\n                                  \n                                <\/h5>                          \n                              <\/div>\n                            <\/div>\n                            <a class=\"link-project\" href=\"https:\/\/www.gmh.solutions\/fr\/cases\/strategic-assessment\/\" target=\"_self\"><\/a>\n                          <\/div>\n                      <\/div>                \n\n                    <\/div>\n                    <\/article>\n                <\/div>\n              <\/li><li class=\"mix  Consumer Products\">\n                <div data-wow-delay=\"0.2s\" class=\"col-md-12 post\">\n                  <article class=\"list-view\">\n                    <div class=\"portfolio_custom\">\n\n                      <!-- POST THUMBNAIL -->\n                      <div class=\"post-thumbnail\">\n                          <div class=\"box-project\">  \n                            <div class=\"relative\"><\/div>\n                            <div class=\"project_cat_title_overlay\" style=\"background-color: #1c6ab4\">\n                              <div class=\"project_cat_title_overlay_items\">   \n                                <h3 class=\"project_title\">\n                                  <a href=\"#\" title=\"Consumer Products\">Consumer Products<\/a>\n                                <\/h3>             \n                                <h5 class=\"project_cat\">\n                                  \n                                <\/h5>                          \n                              <\/div>\n                            <\/div>\n                            <a class=\"link-project\" href=\"https:\/\/www.gmh.solutions\/fr\/cases\/consumer-products\/\" target=\"_self\"><\/a>\n                          <\/div>\n                      <\/div>                \n\n                    <\/div>\n                    <\/article>\n                <\/div>\n              <\/li><li class=\"mix  Marketing Solution\">\n                <div data-wow-delay=\"0.4s\" class=\"col-md-12 post\">\n                  <article class=\"list-view\">\n                    <div class=\"portfolio_custom\">\n\n                      <!-- POST THUMBNAIL -->\n                      <div class=\"post-thumbnail\">\n                          <div class=\"box-project\">  \n                            <div class=\"relative\"><\/div>\n                            <div class=\"project_cat_title_overlay\" style=\"background-color: #1c6ab4\">\n                              <div class=\"project_cat_title_overlay_items\">   \n                                <h3 class=\"project_title\">\n                                  <a href=\"#\" title=\"Marketing Solution\">Marketing Solution<\/a>\n                                <\/h3>             \n                                <h5 class=\"project_cat\">\n                                  \n                                <\/h5>                          \n                              <\/div>\n                            <\/div>\n                            <a class=\"link-project\" href=\"https:\/\/www.gmh.solutions\/fr\/cases\/marketing-solution\/\" target=\"_self\"><\/a>\n                          <\/div>\n                      <\/div>                \n\n                    <\/div>\n                    <\/article>\n                <\/div>\n              <\/li><li class=\"mix  Cloaking & Doorway Pages\">\n                <div data-wow-delay=\"0.6s\" class=\"col-md-12 post\">\n                  <article class=\"list-view\">\n                    <div class=\"portfolio_custom\">\n\n                      <!-- POST THUMBNAIL -->\n                      <div class=\"post-thumbnail\">\n                          <div class=\"box-project\">  \n                            <div class=\"relative\"><\/div>\n                            <div class=\"project_cat_title_overlay\" style=\"background-color: #1c6ab4\">\n                              <div class=\"project_cat_title_overlay_items\">   \n                                <h3 class=\"project_title\">\n                                  <a href=\"#\" title=\"Cloaking & Doorway Pages\">Cloaking & Doorway Pages<\/a>\n                                <\/h3>             \n                                <h5 class=\"project_cat\">\n                                  \n                                <\/h5>                          \n                              <\/div>\n                            <\/div>\n                            <a class=\"link-project\" href=\"https:\/\/www.gmh.solutions\/fr\/cases\/cloaking-doorway-pages\/\" target=\"_self\"><\/a>\n                          <\/div>\n                      <\/div>                \n\n                    <\/div>\n                    <\/article>\n                <\/div>\n              <\/li><li class=\"mix  Data Governance\">\n                <div data-wow-delay=\"0.8s\" class=\"col-md-12 post\">\n                  <article class=\"list-view\">\n                    <div class=\"portfolio_custom\">\n\n                      <!-- POST THUMBNAIL -->\n                      <div class=\"post-thumbnail\">\n                          <div class=\"box-project\">  \n                            <div class=\"relative\"><\/div>\n                            <div class=\"project_cat_title_overlay\" style=\"background-color: #1c6ab4\">\n                              <div class=\"project_cat_title_overlay_items\">   \n                                <h3 class=\"project_title\">\n                                  <a href=\"#\" title=\"Data Governance\">Data Governance<\/a>\n                                <\/h3>             \n                                <h5 class=\"project_cat\">\n                                  \n                                <\/h5>                          \n                              <\/div>\n                            <\/div>\n                            <a class=\"link-project\" href=\"https:\/\/www.gmh.solutions\/fr\/cases\/data-governance\/\" target=\"_self\"><\/a>\n                          <\/div>\n                      <\/div>                \n\n                    <\/div>\n                    <\/article>\n                <\/div>\n              <\/li><li class=\"mix  Business Growth\">\n                <div data-wow-delay=\"1s\" class=\"col-md-12 post\">\n                  <article class=\"list-view\">\n                    <div class=\"portfolio_custom\">\n\n                      <!-- POST THUMBNAIL -->\n                      <div class=\"post-thumbnail\">\n                          <div class=\"box-project\">  \n                            <div class=\"relative\"><\/div>\n                            <div class=\"project_cat_title_overlay\" style=\"background-color: #1c6ab4\">\n                              <div class=\"project_cat_title_overlay_items\">   \n                                <h3 class=\"project_title\">\n                                  <a href=\"#\" title=\"Business Growth\">Business Growth<\/a>\n                                <\/h3>             \n                                <h5 class=\"project_cat\">\n                                  \n                                <\/h5>                          \n                              <\/div>\n                            <\/div>\n                            <a class=\"link-project\" href=\"https:\/\/www.gmh.solutions\/fr\/cases\/business-growth\/\" target=\"_self\"><\/a>\n                          <\/div>\n                      <\/div>                \n\n                    <\/div>\n                    <\/article>\n                <\/div>\n              <\/li><li class=\"mix  Financial Income\">\n                <div data-wow-delay=\"1.2s\" class=\"col-md-12 post\">\n                  <article class=\"list-view\">\n                    <div class=\"portfolio_custom\">\n\n                      <!-- POST THUMBNAIL -->\n                      <div class=\"post-thumbnail\">\n                          <div class=\"box-project\">  \n                            <div class=\"relative\"><\/div>\n                            <div class=\"project_cat_title_overlay\" style=\"background-color: #1c6ab4\">\n                              <div class=\"project_cat_title_overlay_items\">   \n                                <h3 class=\"project_title\">\n                                  <a href=\"#\" title=\"Financial Income\">Financial Income<\/a>\n                                <\/h3>             \n                                <h5 class=\"project_cat\">\n                                  \n                                <\/h5>                          \n                              <\/div>\n                            <\/div>\n                            <a class=\"link-project\" href=\"https:\/\/www.gmh.solutions\/fr\/cases\/financial-income\/\" target=\"_self\"><\/a>\n                          <\/div>\n                      <\/div>                \n\n                    <\/div>\n                    <\/article>\n                <\/div>\n              <\/li><\/ul><div class=\"cd-fail-message\">No results found<\/div><\/section><\/div><\/div><\/div><\/div><\/div><\/div><\/div><div class=\"vc_row-full-width vc_clearfix\"><\/div><div id=\"free-cunsultation\" data-vc-full-width=\"true\" data-vc-full-width-init=\"false\" class=\"vc_row wpb_row vc_row-fluid vc_custom_1549807814547\"><div class=\"wpb_column vc_column_container vc_col-sm-6\"><div class=\"vc_column-inner vc_custom_1541717565875\"><div class=\"wpb_wrapper\"><div class=\"title-subtile-holder text-left\"><h6 class=\"section-title  dark_title\">CONTACT US<\/h6><h1 class=\"section-subtitle  dark_subtitle\">CONSULTATION GRATUITE<\/h1><p class=\"section-description  dark_description\">Nos services de conseil vous aident \u00e0 r\u00e9soudre vos probl\u00e8mes les plus difficiles en fournissant des solutions Web, des analyses commerciales, des analyses de donn\u00e9es, des visualisations de donn\u00e9es et des conseils informatiques.<\/p><\/div><div class=\"vc_empty_space\"   style=\"height: 30px\"><span class=\"vc_empty_space_inner\"><\/span><\/div><\/div><\/div><\/div><div class=\"wpb_column vc_column_container vc_col-sm-1 vc_hidden-xs\"><div class=\"vc_column-inner vc_custom_1549476429472\"><div class=\"wpb_wrapper\"><\/div><\/div><\/div><div class=\"wpb_column vc_column_container vc_col-sm-5\"><div class=\"vc_column-inner vc_custom_1549476767239\"><div class=\"wpb_wrapper\">\n\t<div class=\"wpb_text_column wpb_content_element\" >\n\t\t<div class=\"wpb_wrapper\">\n\t\t\t\n<div class=\"wpcf7 no-js\" id=\"wpcf7-f2238-o1\" lang=\"en-US\" dir=\"ltr\" data-wpcf7-id=\"2238\">\n<div class=\"screen-reader-response\"><p role=\"status\" aria-live=\"polite\" aria-atomic=\"true\"><\/p> <ul><\/ul><\/div>\n<form action=\"\/fr\/wp-json\/wp\/v2\/pages\/838#wpcf7-f2238-o1\" method=\"post\" class=\"wpcf7-form init\" aria-label=\"Contact form\" novalidate=\"novalidate\" data-status=\"init\" data-trp-original-action=\"\/fr\/wp-json\/wp\/v2\/pages\/838#wpcf7-f2238-o1\">\n<fieldset class=\"hidden-fields-container\"><input type=\"hidden\" name=\"_wpcf7\" value=\"2238\" \/><input type=\"hidden\" name=\"_wpcf7_version\" value=\"6.1.5\" \/><input type=\"hidden\" name=\"_wpcf7_locale\" value=\"en_US\" \/><input type=\"hidden\" name=\"_wpcf7_unit_tag\" value=\"wpcf7-f2238-o1\" \/><input type=\"hidden\" name=\"_wpcf7_container_post\" value=\"0\" \/><input type=\"hidden\" name=\"_wpcf7_posted_data_hash\" value=\"\" \/><input type=\"hidden\" name=\"_wpcf7_recaptcha_response\" value=\"\" \/>\n<\/fieldset>\n<p><label> votre nom<br \/>\n<span class=\"wpcf7-form-control-wrap\" data-name=\"your-name\"><input size=\"15\" maxlength=\"400\" class=\"wpcf7-form-control wpcf7-text wpcf7-validates-as-required\" aria-required=\"true\" aria-invalid=\"false\" value=\"\" type=\"text\" name=\"your-name\" \/><\/span> <\/label>\n<\/p>\n<p><label> Votre e-mail<br \/>\n<span class=\"wpcf7-form-control-wrap\" data-name=\"your-email\"><input size=\"15\" maxlength=\"400\" class=\"wpcf7-form-control wpcf7-email wpcf7-validates-as-required wpcf7-text wpcf7-validates-as-email\" aria-required=\"true\" aria-invalid=\"false\" value=\"\" type=\"email\" name=\"your-email\" \/><\/span> <\/label>\n<\/p>\n<p><label> Votre num\u00e9ro de t\u00e9l\u00e9phone<br \/>\n<span class=\"wpcf7-form-control-wrap\" data-name=\"your-phone-number\"><input size=\"15\" maxlength=\"400\" class=\"wpcf7-form-control wpcf7-tel wpcf7-validates-as-required wpcf7-text wpcf7-validates-as-tel\" aria-required=\"true\" aria-invalid=\"false\" value=\"\" type=\"tel\" name=\"your-phone-number\" \/><\/span> <\/label>\n<\/p>\n<p><label> Service<br \/>\n<span class=\"wpcf7-form-control-wrap\" data-name=\"Service\"><select class=\"wpcf7-form-control wpcf7-select wpcf7-validates-as-required\" aria-required=\"true\" aria-invalid=\"false\" name=\"Service\"><option value=\"\"><\/option><option value=\"Websites &amp; eCommerce\">Websites &amp; eCommerce<\/option><option value=\"IT Business Analysis\">Informatique analyse d'affaires<\/option><option value=\"Data Analysis\">L'analyse des donn\u00e9es<\/option><option value=\"Data Visualization\">Visualisation de donn\u00e9es<\/option><option value=\"Digital Transformation\">Transformation num\u00e9rique<\/option><option value=\"IT Consultancy\">IT Consultancy<\/option><\/select><\/span> <\/label>\n<\/p>\n<p><label> Message:<br \/>\n<span class=\"wpcf7-form-control-wrap\" data-name=\"your-message\"><textarea cols=\"40\" rows=\"10\" maxlength=\"2000\" class=\"wpcf7-form-control wpcf7-textarea wpcf7-validates-as-required\" aria-required=\"true\" aria-invalid=\"false\" name=\"your-message\"><\/textarea><\/span><\/label>\n<\/p>\n<p><input class=\"wpcf7-form-control wpcf7-submit has-spinner\" type=\"submit\" value=\"Obtenez une consultation\" \/>\n<\/p><p style=\"display: none !important;\" class=\"akismet-fields-container\" data-prefix=\"_wpcf7_ak_\"><label>&#916;<textarea name=\"_wpcf7_ak_hp_textarea\" cols=\"45\" rows=\"8\" maxlength=\"100\"><\/textarea><\/label><input type=\"hidden\" id=\"ak_js_1\" name=\"_wpcf7_ak_js\" value=\"224\"\/><script>document.getElementById( \"ak_js_1\" ).setAttribute( \"value\", ( new Date() ).getTime() );<\/script><\/p><div class=\"wpcf7-response-output\" aria-hidden=\"true\"><\/div>\n<input type=\"hidden\" name=\"trp-form-language\" value=\"fr\"\/><\/form>\n<\/div>\n\n\n\t\t<\/div>\n\t<\/div>\n<\/div><\/div><\/div><\/div><div class=\"vc_row-full-width vc_clearfix\"><\/div>","protected":false},"excerpt":{"rendered":"AllAll 7 eGovernment 0 eTransformation 0 Visualization 0 Data Analysis 0 Business Analysis 0 Web Services 0 Strategic Assessment Consumer Products Marketing Solution Cloaking & Doorway Pages Data Governance Business Growth Financial Income No results foundCONTACT USFree ConsultationOur consultancy services help address your most challenging issues by providing web solutions, business analytics, data analytics, data [...]","protected":false},"author":1,"featured_media":0,"parent":0,"menu_order":0,"comment_status":"closed","ping_status":"closed","template":"","meta":{"footnotes":""},"class_list":["post-838","page","type-page","status-publish","hentry"],"_links":{"self":[{"href":"https:\/\/www.gmh.solutions\/fr\/wp-json\/wp\/v2\/pages\/838","targetHints":{"allow":["GET"]}}],"collection":[{"href":"https:\/\/www.gmh.solutions\/fr\/wp-json\/wp\/v2\/pages"}],"about":[{"href":"https:\/\/www.gmh.solutions\/fr\/wp-json\/wp\/v2\/types\/page"}],"author":[{"embeddable":true,"href":"https:\/\/www.gmh.solutions\/fr\/wp-json\/wp\/v2\/users\/1"}],"replies":[{"embeddable":true,"href":"https:\/\/www.gmh.solutions\/fr\/wp-json\/wp\/v2\/comments?post=838"}],"version-history":[{"count":4,"href":"https:\/\/www.gmh.solutions\/fr\/wp-json\/wp\/v2\/pages\/838\/revisions"}],"predecessor-version":[{"id":2423,"href":"https:\/\/www.gmh.solutions\/fr\/wp-json\/wp\/v2\/pages\/838\/revisions\/2423"}],"wp:attachment":[{"href":"https:\/\/www.gmh.solutions\/fr\/wp-json\/wp\/v2\/media?parent=838"}],"curies":[{"name":"wp","href":"https:\/\/api.w.org\/{rel}","templated":true}]}}